{"id":1277,"date":"2017-02-13T14:36:53","date_gmt":"2017-02-13T19:36:53","guid":{"rendered":"http:\/\/serdu.com\/nouvelles-blogue\/"},"modified":"2017-03-23T15:34:46","modified_gmt":"2017-03-23T19:34:46","slug":"blog","status":"publish","type":"page","link":"https:\/\/serdu.com\/en\/blog\/","title":{"rendered":"Blog"},"content":{"rendered":"<p><div class=\"fusion-bg-parallax\" data-bg-align=\"center center\" data-direction=\"up\" data-mute=\"false\" data-opacity=\"100\" data-velocity=\"-0.3\" data-mobile-enabled=\"false\" data-break_parents=\"0\" data-bg-image=\"http:\/\/serdu.com\/wp-content\/uploads\/2017\/02\/Blogue_Serdu.jpg\" data-bg-repeat=\"false\" ><\/div><div class=\"fusion-fullwidth fullwidth-box fusion-builder-row-1 fusion-parallax-up nonhundred-percent-fullwidth non-hundred-percent-height-scrolling\" style=\"--awb-border-radius-top-left:0px;--awb-border-radius-top-right:0px;--awb-border-radius-bottom-right:0px;--awb-border-radius-bottom-left:0px;--awb-padding-top:10%;--awb-padding-right:0px;--awb-padding-bottom:5%;--awb-padding-left:0px;--awb-margin-top:0px;--awb-margin-bottom:0px;--awb-background-image:url(&quot;http:\/\/serdu.com\/wp-content\/uploads\/2017\/02\/Blogue_Serdu.jpg&quot;);--awb-background-size:cover;--awb-flex-wrap:wrap;\" ><div class=\"fusion-builder-row fusion-row\"><div class=\"fusion-layout-column fusion_builder_column fusion-builder-column-0 fusion_builder_column_1_1 1_1 fusion-one-full fusion-column-first fusion-column-last\" style=\"--awb-bg-size:cover;\"><div class=\"fusion-column-wrapper fusion-flex-column-wrapper-legacy\"><div class=\"fusion-text fusion-text-1\"><h1 class=\"titre2\" style=\"text-align: center; color: white;\">BLOG<\/h1>\n<\/div><div class=\"fusion-clearfix\"><\/div><\/div><\/div><\/div><\/div><div class=\"fusion-fullwidth fullwidth-box fusion-builder-row-2 nonhundred-percent-fullwidth non-hundred-percent-height-scrolling\" style=\"--awb-border-radius-top-left:0px;--awb-border-radius-top-right:0px;--awb-border-radius-bottom-right:0px;--awb-border-radius-bottom-left:0px;--awb-padding-top:50px;--awb-padding-bottom:50px;--awb-flex-wrap:wrap;\" ><div class=\"fusion-builder-row fusion-row\"><div class=\"fusion-layout-column fusion_builder_column fusion-builder-column-1 fusion_builder_column_1_1 1_1 fusion-one-full fusion-column-first fusion-column-last\" style=\"--awb-bg-size:cover;\"><div class=\"fusion-column-wrapper fusion-flex-column-wrapper-legacy\"><div class=\"fusion-blog-shortcode fusion-blog-shortcode-1 fusion-blog-archive fusion-blog-layout-medium-alternate fusion-blog-pagination\"><div class=\"fusion-posts-container fusion-posts-container-pagination fusion-blog-rollover\" data-pages=\"1\"><article id=\"blog-1-post-1378\" class=\"fusion-post-medium-alternate post-1378 post type-post status-publish format-standard has-post-thumbnail hentry category-blogue-en\">\n<div class=\"fusion-date-and-formats\"><div class=\"fusion-date-box updated\"><span class=\"fusion-date\">13<\/span><span class=\"fusion-month-year\">02, 2017<\/span><\/div><div class=\"fusion-format-box\"><i class=\"awb-icon-pen\" aria-hidden=\"true\"><\/i><\/div><\/div>\t<style type=\"text\/css\">\n\t\t\n\t\t\n\t\t\n\t\t\n\t\t\t<\/style>\n\n\n\t\t\t<div class=\"fusion-flexslider flexslider fusion-flexslider-loading fusion-post-slideshow\" style=\"\">\n\t\t<ul class=\"slides\">\n\t\t\t\n\t\t\t\t\t\t\t\t\t\t\t\t\t\t<li><div  class=\"fusion-image-wrapper fusion-image-size-fixed\" aria-haspopup=\"true\">\n\t\t\t\t<img decoding=\"async\" width=\"320\" height=\"202\" src=\"https:\/\/serdu.com\/wp-content\/uploads\/2017\/02\/ambiance-320x202.jpg\" class=\"attachment-blog-medium size-blog-medium wp-post-image\" alt=\"\" srcset=\"https:\/\/serdu.com\/wp-content\/uploads\/2017\/02\/ambiance-320x202.jpg 320w, https:\/\/serdu.com\/wp-content\/uploads\/2017\/02\/ambiance-700x441.jpg 700w\" sizes=\"(max-width: 320px) 100vw, 320px\" \/><div class=\"fusion-rollover\">\n\t<div class=\"fusion-rollover-content\">\n\n\t\t\t\t\t\t\t\t\t\t\t\t\t\t<a class=\"fusion-rollover-link\" href=\"https:\/\/serdu.com\/en\/ambiance-volume-1-eng\/\">Ambiance Volume 1 Eng<\/a>\n\t\t\t\n\t\t\t\t\t\t\t\t\n\t\t\n\t\t\t\t\t\t\t\t\t\t\t\t<h4 class=\"fusion-rollover-title\">\n\t\t\t\t\t<a class=\"fusion-rollover-title-link\" href=\"https:\/\/serdu.com\/en\/ambiance-volume-1-eng\/\">\n\t\t\t\t\t\tAmbiance Volume 1 Eng\t\t\t\t\t<\/a>\n\t\t\t\t<\/h4>\n\t\t\t\n\t\t\t\t\t\t\t\t\n\t\t\n\t\t\t\t\t\t<a class=\"fusion-link-wrapper\" href=\"https:\/\/serdu.com\/en\/ambiance-volume-1-eng\/\" aria-label=\"Ambiance Volume 1 Eng\"><\/a>\n\t<\/div>\n<\/div>\n<\/div>\n<\/li>\n\t\t\t\n\t\t\t\n\t\t\t\t\t\t\t\t\t\t\t\t\t\t\t\t\t\t\t\t\t\t\t\t\t\t\t\t\t\t\t\t\t\t\t\t\t\t\t\t\t\t\t\t\t\t\t\t\t\t\t\t\t\t\t\t\t\t\t\t\t\t\t\t\t\t\t\t<\/ul>\n\t<\/div>\n\t<div class=\"fusion-post-content post-content\"><h2 class=\"blog-shortcode-post-title entry-title\"><a href=\"https:\/\/serdu.com\/en\/ambiance-volume-1-eng\/\">Ambiance Volume 1 Eng<\/a><\/h2><p class=\"fusion-single-line-meta\">By <span class=\"vcard\"><span class=\"fn\"><a href=\"https:\/\/serdu.com\/en\/author\/admin\/\" title=\"Posts by admin\" rel=\"author\">admin<\/a><\/span><\/span><span class=\"fusion-inline-sep\">|<\/span><span class=\"updated\" style=\"display:none;\">2017-03-21T15:55:48-04:00<\/span><span>February 13th, 2017<\/span><span class=\"fusion-inline-sep\">|<\/span><a href=\"https:\/\/serdu.com\/en\/category\/blogue-en\/\" rel=\"category tag\">Blogue<\/a><span class=\"fusion-inline-sep\">|<\/span><\/p><div class=\"fusion-post-content-container\"><p>Album r\u00e9cemment produit chez Communication Serdu Musique d'ambiance, de relaxation, musique en couleur. Parfait pour la Massoth\u00e9rapie, se recentrer, vous d\u00e9tendre ou tout autres occasions.... Pour plus d'Informations consultez la page Facebook de Daniel :\u00a0https:\/\/www.facebook.com\/daniel.ouimet.33?fref=nf<\/p><\/div><\/div><div class=\"fusion-clearfix\"><\/div><div class=\"fusion-meta-info\"><div class=\"fusion-alignright\"><a class=\"fusion-read-more\" href=\"https:\/\/serdu.com\/en\/ambiance-volume-1-eng\/\" aria-label=\"More on Ambiance Volume 1 Eng\">Read More<\/a><\/div><\/div><\/article>\n<article id=\"blog-1-post-1375\" class=\"fusion-post-medium-alternate post-1375 post type-post status-publish format-standard has-post-thumbnail hentry category-blogue-en\">\n<div class=\"fusion-date-and-formats\"><div class=\"fusion-date-box updated\"><span class=\"fusion-date\">13<\/span><span class=\"fusion-month-year\">02, 2017<\/span><\/div><div class=\"fusion-format-box\"><i class=\"awb-icon-pen\" aria-hidden=\"true\"><\/i><\/div><\/div>\t<style type=\"text\/css\">\n\t\t\n\t\t\n\t\t\n\t\t\n\t\t\t<\/style>\n\n\n\t\t\t<div class=\"fusion-flexslider flexslider fusion-flexslider-loading fusion-post-slideshow\" style=\"\">\n\t\t<ul class=\"slides\">\n\t\t\t\n\t\t\t\t\t\t\t\t\t\t\t\t\t\t<li><div  class=\"fusion-image-wrapper fusion-image-size-fixed\" aria-haspopup=\"true\">\n\t\t\t\t<img decoding=\"async\" width=\"320\" height=\"202\" src=\"https:\/\/serdu.com\/wp-content\/uploads\/2017\/02\/Alma_Libre-320x202.jpg\" class=\"attachment-blog-medium size-blog-medium wp-post-image\" alt=\"\" srcset=\"https:\/\/serdu.com\/wp-content\/uploads\/2017\/02\/Alma_Libre-320x202.jpg 320w, https:\/\/serdu.com\/wp-content\/uploads\/2017\/02\/Alma_Libre-700x441.jpg 700w\" sizes=\"(max-width: 320px) 100vw, 320px\" \/><div class=\"fusion-rollover\">\n\t<div class=\"fusion-rollover-content\">\n\n\t\t\t\t\t\t\t\t\t\t\t\t\t\t<a class=\"fusion-rollover-link\" href=\"https:\/\/serdu.com\/en\/alma-libre-eng\/\">Alma libre Eng<\/a>\n\t\t\t\n\t\t\t\t\t\t\t\t\n\t\t\n\t\t\t\t\t\t\t\t\t\t\t\t<h4 class=\"fusion-rollover-title\">\n\t\t\t\t\t<a class=\"fusion-rollover-title-link\" href=\"https:\/\/serdu.com\/en\/alma-libre-eng\/\">\n\t\t\t\t\t\tAlma libre Eng\t\t\t\t\t<\/a>\n\t\t\t\t<\/h4>\n\t\t\t\n\t\t\t\t\t\t\t\t\n\t\t\n\t\t\t\t\t\t<a class=\"fusion-link-wrapper\" href=\"https:\/\/serdu.com\/en\/alma-libre-eng\/\" aria-label=\"Alma libre Eng\"><\/a>\n\t<\/div>\n<\/div>\n<\/div>\n<\/li>\n\t\t\t\n\t\t\t\n\t\t\t\t\t\t\t\t\t\t\t\t\t\t\t\t\t\t\t\t\t\t\t\t\t\t\t\t\t\t\t\t\t\t\t\t\t\t\t\t\t\t\t\t\t\t\t\t\t\t\t\t\t\t\t\t\t\t\t\t\t\t\t\t\t\t\t\t<\/ul>\n\t<\/div>\n\t<div class=\"fusion-post-content post-content\"><h2 class=\"blog-shortcode-post-title entry-title\"><a href=\"https:\/\/serdu.com\/en\/alma-libre-eng\/\">Alma libre Eng<\/a><\/h2><p class=\"fusion-single-line-meta\">By <span class=\"vcard\"><span class=\"fn\"><a href=\"https:\/\/serdu.com\/en\/author\/admin\/\" title=\"Posts by admin\" rel=\"author\">admin<\/a><\/span><\/span><span class=\"fusion-inline-sep\">|<\/span><span class=\"updated\" style=\"display:none;\">2017-03-21T15:54:36-04:00<\/span><span>February 13th, 2017<\/span><span class=\"fusion-inline-sep\">|<\/span><a href=\"https:\/\/serdu.com\/en\/category\/blogue-en\/\" rel=\"category tag\">Blogue<\/a><span class=\"fusion-inline-sep\">|<\/span><\/p><div class=\"fusion-post-content-container\"><p>Album r\u00e9cemment produit chez Communication Serdu Alma libre l'album, la musique cubaine r\u00e9invent\u00e9e. 14 compositions originales du groupe de musiciens cubains qui vous invite \u00e0 vibrer avec eux sous des rythmes de bachata, de salsa, [...]<\/p><\/div><\/div><div class=\"fusion-clearfix\"><\/div><div class=\"fusion-meta-info\"><div class=\"fusion-alignright\"><a class=\"fusion-read-more\" href=\"https:\/\/serdu.com\/en\/alma-libre-eng\/\" aria-label=\"More on Alma libre Eng\">Read More<\/a><\/div><\/div><\/article>\n<\/div><\/div><div class=\"fusion-clearfix\"><\/div><\/div><\/div><\/div><\/div><\/p>\n","protected":false},"excerpt":{"rendered":"","protected":false},"author":1,"featured_media":0,"parent":0,"menu_order":0,"comment_status":"closed","ping_status":"closed","template":"100-width.php","meta":{"footnotes":""},"class_list":["post-1277","page","type-page","status-publish","hentry"],"yoast_head":"<!-- This site is optimized with the Yoast SEO plugin v27.3 - https:\/\/yoast.com\/product\/yoast-seo-wordpress\/ -->\n<title>Blog - Communication Serdu inc.<\/title>\n<meta name=\"robots\" content=\"index, follow, max-snippet:-1, max-image-preview:large, max-video-preview:-1\" \/>\n<link rel=\"canonical\" href=\"https:\/\/serdu.com\/en\/blog\/\" \/>\n<meta property=\"og:locale\" content=\"en_US\" \/>\n<meta property=\"og:type\" content=\"article\" \/>\n<meta property=\"og:title\" content=\"Blog - Communication Serdu inc.\" \/>\n<meta property=\"og:url\" content=\"https:\/\/serdu.com\/en\/blog\/\" \/>\n<meta property=\"og:site_name\" content=\"Communication Serdu inc.\" \/>\n<meta property=\"article:modified_time\" content=\"2017-03-23T19:34:46+00:00\" \/>\n<meta name=\"twitter:card\" content=\"summary_large_image\" \/>\n<meta name=\"twitter:label1\" content=\"Est. reading time\" \/>\n\t<meta name=\"twitter:data1\" content=\"2 minutes\" \/>\n<script type=\"application\/ld+json\" class=\"yoast-schema-graph\">{\"@context\":\"https:\\\/\\\/schema.org\",\"@graph\":[{\"@type\":\"WebPage\",\"@id\":\"https:\\\/\\\/serdu.com\\\/en\\\/blog\\\/\",\"url\":\"https:\\\/\\\/serdu.com\\\/en\\\/blog\\\/\",\"name\":\"Blog - Communication Serdu inc.\",\"isPartOf\":{\"@id\":\"https:\\\/\\\/serdu.com\\\/#website\"},\"datePublished\":\"2017-02-13T19:36:53+00:00\",\"dateModified\":\"2017-03-23T19:34:46+00:00\",\"breadcrumb\":{\"@id\":\"https:\\\/\\\/serdu.com\\\/en\\\/blog\\\/#breadcrumb\"},\"inLanguage\":\"en-US\",\"potentialAction\":[{\"@type\":\"ReadAction\",\"target\":[\"https:\\\/\\\/serdu.com\\\/en\\\/blog\\\/\"]}]},{\"@type\":\"BreadcrumbList\",\"@id\":\"https:\\\/\\\/serdu.com\\\/en\\\/blog\\\/#breadcrumb\",\"itemListElement\":[{\"@type\":\"ListItem\",\"position\":1,\"name\":\"Home\",\"item\":\"https:\\\/\\\/serdu.com\\\/en\\\/\"},{\"@type\":\"ListItem\",\"position\":2,\"name\":\"Blog\"}]},{\"@type\":\"WebSite\",\"@id\":\"https:\\\/\\\/serdu.com\\\/#website\",\"url\":\"https:\\\/\\\/serdu.com\\\/\",\"name\":\"Communication Serdu inc.\",\"description\":\"Duplication CD et DVD\",\"publisher\":{\"@id\":\"https:\\\/\\\/serdu.com\\\/#organization\"},\"potentialAction\":[{\"@type\":\"SearchAction\",\"target\":{\"@type\":\"EntryPoint\",\"urlTemplate\":\"https:\\\/\\\/serdu.com\\\/?s={search_term_string}\"},\"query-input\":{\"@type\":\"PropertyValueSpecification\",\"valueRequired\":true,\"valueName\":\"search_term_string\"}}],\"inLanguage\":\"en-US\"},{\"@type\":\"Organization\",\"@id\":\"https:\\\/\\\/serdu.com\\\/#organization\",\"name\":\"Communication Serdu\",\"url\":\"https:\\\/\\\/serdu.com\\\/\",\"logo\":{\"@type\":\"ImageObject\",\"inLanguage\":\"en-US\",\"@id\":\"https:\\\/\\\/serdu.com\\\/#\\\/schema\\\/logo\\\/image\\\/\",\"url\":\"https:\\\/\\\/serdu.com\\\/wp-content\\\/uploads\\\/2017\\\/03\\\/Serdu_Logo_Francais.png\",\"contentUrl\":\"https:\\\/\\\/serdu.com\\\/wp-content\\\/uploads\\\/2017\\\/03\\\/Serdu_Logo_Francais.png\",\"width\":533,\"height\":144,\"caption\":\"Communication Serdu\"},\"image\":{\"@id\":\"https:\\\/\\\/serdu.com\\\/#\\\/schema\\\/logo\\\/image\\\/\"}}]}<\/script>\n<!-- \/ Yoast SEO plugin. -->","yoast_head_json":{"title":"Blog - Communication Serdu inc.","robots":{"index":"index","follow":"follow","max-snippet":"max-snippet:-1","max-image-preview":"max-image-preview:large","max-video-preview":"max-video-preview:-1"},"canonical":"https:\/\/serdu.com\/en\/blog\/","og_locale":"en_US","og_type":"article","og_title":"Blog - Communication Serdu inc.","og_url":"https:\/\/serdu.com\/en\/blog\/","og_site_name":"Communication Serdu inc.","article_modified_time":"2017-03-23T19:34:46+00:00","twitter_card":"summary_large_image","twitter_misc":{"Est. reading time":"2 minutes"},"schema":{"@context":"https:\/\/schema.org","@graph":[{"@type":"WebPage","@id":"https:\/\/serdu.com\/en\/blog\/","url":"https:\/\/serdu.com\/en\/blog\/","name":"Blog - Communication Serdu inc.","isPartOf":{"@id":"https:\/\/serdu.com\/#website"},"datePublished":"2017-02-13T19:36:53+00:00","dateModified":"2017-03-23T19:34:46+00:00","breadcrumb":{"@id":"https:\/\/serdu.com\/en\/blog\/#breadcrumb"},"inLanguage":"en-US","potentialAction":[{"@type":"ReadAction","target":["https:\/\/serdu.com\/en\/blog\/"]}]},{"@type":"BreadcrumbList","@id":"https:\/\/serdu.com\/en\/blog\/#breadcrumb","itemListElement":[{"@type":"ListItem","position":1,"name":"Home","item":"https:\/\/serdu.com\/en\/"},{"@type":"ListItem","position":2,"name":"Blog"}]},{"@type":"WebSite","@id":"https:\/\/serdu.com\/#website","url":"https:\/\/serdu.com\/","name":"Communication Serdu inc.","description":"Duplication CD et DVD","publisher":{"@id":"https:\/\/serdu.com\/#organization"},"potentialAction":[{"@type":"SearchAction","target":{"@type":"EntryPoint","urlTemplate":"https:\/\/serdu.com\/?s={search_term_string}"},"query-input":{"@type":"PropertyValueSpecification","valueRequired":true,"valueName":"search_term_string"}}],"inLanguage":"en-US"},{"@type":"Organization","@id":"https:\/\/serdu.com\/#organization","name":"Communication Serdu","url":"https:\/\/serdu.com\/","logo":{"@type":"ImageObject","inLanguage":"en-US","@id":"https:\/\/serdu.com\/#\/schema\/logo\/image\/","url":"https:\/\/serdu.com\/wp-content\/uploads\/2017\/03\/Serdu_Logo_Francais.png","contentUrl":"https:\/\/serdu.com\/wp-content\/uploads\/2017\/03\/Serdu_Logo_Francais.png","width":533,"height":144,"caption":"Communication Serdu"},"image":{"@id":"https:\/\/serdu.com\/#\/schema\/logo\/image\/"}}]}},"_links":{"self":[{"href":"https:\/\/serdu.com\/en\/wp-json\/wp\/v2\/pages\/1277","targetHints":{"allow":["GET"]}}],"collection":[{"href":"https:\/\/serdu.com\/en\/wp-json\/wp\/v2\/pages"}],"about":[{"href":"https:\/\/serdu.com\/en\/wp-json\/wp\/v2\/types\/page"}],"author":[{"embeddable":true,"href":"https:\/\/serdu.com\/en\/wp-json\/wp\/v2\/users\/1"}],"replies":[{"embeddable":true,"href":"https:\/\/serdu.com\/en\/wp-json\/wp\/v2\/comments?post=1277"}],"version-history":[{"count":4,"href":"https:\/\/serdu.com\/en\/wp-json\/wp\/v2\/pages\/1277\/revisions"}],"predecessor-version":[{"id":1430,"href":"https:\/\/serdu.com\/en\/wp-json\/wp\/v2\/pages\/1277\/revisions\/1430"}],"wp:attachment":[{"href":"https:\/\/serdu.com\/en\/wp-json\/wp\/v2\/media?parent=1277"}],"curies":[{"name":"wp","href":"https:\/\/api.w.org\/{rel}","templated":true}]}}